{"id":1118,"date":"2017-03-01T10:12:30","date_gmt":"2017-03-01T09:12:30","guid":{"rendered":"https:\/\/www.encyclopedie-des-migrants.eu\/digital\/?page_id=1118"},"modified":"2017-03-15T16:31:59","modified_gmt":"2017-03-15T15:31:59","slug":"canessa","status":"publish","type":"page","link":"https:\/\/www.encyclopedie-des-migrants.eu\/digital\/textes\/canessa\/","title":{"rendered":"Une proximit\u00e9 douloureuse : les r\u00e9cits de deux femmes sur la fronti\u00e8re Gibraltar\/Espagne"},"content":{"rendered":"","protected":false},"excerpt":{"rendered":"","protected":false},"author":3,"featured_media":0,"parent":157,"menu_order":5,"comment_status":"closed","ping_status":"closed","template":"","meta":{"footnotes":""},"acf":[],"_links":{"self":[{"href":"https:\/\/www.encyclopedie-des-migrants.eu\/digital\/wp-json\/wp\/v2\/pages\/1118"}],"collection":[{"href":"https:\/\/www.encyclopedie-des-migrants.eu\/digital\/wp-json\/wp\/v2\/pages"}],"about":[{"href":"https:\/\/www.encyclopedie-des-migrants.eu\/digital\/wp-json\/wp\/v2\/types\/page"}],"author":[{"embeddable":true,"href":"https:\/\/www.encyclopedie-des-migrants.eu\/digital\/wp-json\/wp\/v2\/users\/3"}],"replies":[{"embeddable":true,"href":"https:\/\/www.encyclopedie-des-migrants.eu\/digital\/wp-json\/wp\/v2\/comments?post=1118"}],"version-history":[{"count":0,"href":"https:\/\/www.encyclopedie-des-migrants.eu\/digital\/wp-json\/wp\/v2\/pages\/1118\/revisions"}],"up":[{"embeddable":true,"href":"https:\/\/www.encyclopedie-des-migrants.eu\/digital\/wp-json\/wp\/v2\/pages\/157"}],"wp:attachment":[{"href":"https:\/\/www.encyclopedie-des-migrants.eu\/digital\/wp-json\/wp\/v2\/media?parent=1118"}],"curies":[{"name":"wp","href":"https:\/\/api.w.org\/{rel}","templated":true}]}}