{"id":250,"date":"2015-10-22T10:08:56","date_gmt":"2015-10-22T09:08:56","guid":{"rendered":"https:\/\/www.enciclopedia-de-los-migrantes.eu\/?page_id=250"},"modified":"2016-01-06T12:03:22","modified_gmt":"2016-01-06T11:03:22","slug":"les-productions","status":"publish","type":"page","link":"https:\/\/www.encyclopedie-des-migrants.eu\/es\/projet\/les-productions\/","title":{"rendered":"Las producciones"},"content":{"rendered":"<h2><span style=\"text-decoration: underline;\"><a href=\"http:\/\/www.enciclopedia-de-los-migrantes.eu\/encyclopedie\/\">La Enciclopedia de migrantes papel<\/a><\/span><\/h2>\n<p>Se trata de una publicaci\u00f3n de\u00a0 2 000 p\u00e1ginas repartidas en 3 tomos. Esta publicaci\u00f3n multiling\u00fce se editar\u00e1 en cuatro versiones: (multiling\u00fce\/franc\u00e9s, multiling\u00fce\/espa\u00f1ol, multiling\u00fce\/portugu\u00e9s, multiling\u00fce\/ingl\u00e9s). Esta edici\u00f3n limitada contar\u00e1 con 8 ejemplares : cada una de las 8 ciudades del proyecto ser\u00e1 propietaria de un ejemplar.<\/p>\n<p>&nbsp;<\/p>\n<h2><span style=\"text-decoration: underline;\"><a href=\"http:\/\/www.enciclopedia-de-los-migrantes.eu\/encyclopedie\/\">La Enciclopedia de migrantes digital<\/a><\/span><\/h2>\n<p>Esta segunda versi\u00f3n digital se editar\u00e1 bajo licencia Creative Commons con un derecho de reproducci\u00f3n con fines no-comerciales de reproducci\u00f3n,\u00a0 en vista de una difusi\u00f3n a gran escala (por ejemplo con fines educativos). Estar\u00e1 disponible en el sitio web del proyecto, como m\u00ednimo y se difundir\u00e1 amplia y gratuitamente a los ciudadanos v\u00eda las redes sociales de los contribuyentes del proyecto y a las escuelas, universidades, museos, centros de arte, y otras entidades.<\/p>\n<p>&nbsp;<\/p>\n<h2><span style=\"text-decoration: underline;\"><a href=\"http:\/\/www.enciclopedia-de-los-migrantes.eu\/projet\/pedagogie\/\">La gu\u00eda<\/a><\/span><\/h2>\n<p>Esta herramienta de comunicaci\u00f3n interna tiene como objeto transmitir las reglas del juego del proyecto para los diferentes miembros del equipo de la red transnacional del proyecto (los fot\u00f3grafos, las personas contacto, los partenaires operacionales, \u2026)<\/p>\n<p>&nbsp;<\/p>\n<h2><span style=\"text-decoration: underline;\"><a href=\"http:\/\/www.enciclopedia-de-los-migrantes.eu\/projet\/pedagogie\/\">El kit de referenciales<\/a><\/span><\/h2>\n<p>El kit tiene por objeto transmitir una serie de metodolog\u00edas de recopilaci\u00f3n de testimonios, con destino a las personas encargadas de dicha recopilaci\u00f3n en los diferentes territorios del proyecto. Los miembros del Grupo de reflexi\u00f3n elaborar\u00e1n este kit, grupo que reunir\u00e1 ciudadanos migrantes o no, actores locales, investigadores en ciencias sociales y fot\u00f3grafos.<\/p>\n<p>&nbsp;<\/p>\n<h2><a href=\"http:\/\/www.enciclopedia-de-los-migrantes.eu\/projet\/film\/\">Un documental<\/a><\/h2>\n<p>la finalidad de este documental es dejar una huella del proyecto en su globalidad, desde el nacimiento de la idea hasta la producci\u00f3n final de la obra, su recepci\u00f3n en el espacio p\u00fablico, pasando por el proceso creativo y su dimensi\u00f3n colectiva. Este documental se realizar\u00e1 con una finalidad pedag\u00f3gica y estar\u00e1 destinada a todos los p\u00fablicos. Queremos que el documental sea una herramienta de memoria del proyecto.<\/p>\n<p>&nbsp;<\/p>\n<h2>Un cuaderno educativo<\/h2>\n<p>este cuaderno presentar\u00e1 las producciones del proyecto y podr\u00e1 ser utilizado como gu\u00eda de uso tanto para la Enciclopedia digital como en su versi\u00f3n papel, as\u00ed como para el sitio web del proyecto. Este folleto tendr\u00e1 una orientaci\u00f3n eduativa destinada a\u00a0 docentes y al gran publico, en general.<\/p>\n<p>&nbsp;<\/p>\n<h2>Un an\u00e1lisis de evaluaci\u00f3n<\/h2>\n<p>este an\u00e1lisis se alimentar\u00e1 por un proceso colectivo de proceso y de los resultados obtenidos en el marco de un seminario de evaluaci\u00f3n conclusivo.<\/p>\n<p>&nbsp;<\/p>\n<p><span style=\"color: #808080;\"><em>Todas las producciones se traducir\u00e1n en franc\u00e9s, en espa\u00f1ol, en portugu\u00e9s y en ingl\u00e9s.<\/em><\/span><\/p>\n","protected":false},"excerpt":{"rendered":"<p>La Enciclopedia de migrantes papel Se trata de una publicaci\u00f3n de\u00a0 2 000 p\u00e1ginas repartidas en 3 tomos. Esta publicaci\u00f3n multiling\u00fce se editar\u00e1 en cuatro versiones: (multiling\u00fce\/franc\u00e9s, multiling\u00fce\/espa\u00f1ol, multiling\u00fce\/portugu\u00e9s, multiling\u00fce\/ingl\u00e9s). Esta edici\u00f3n limitada contar\u00e1 con 8 ejemplares : cada una de las 8 ciudades del proyecto ser\u00e1 propietaria de un ejemplar. &nbsp; La Enciclopedia de&#8230;  <a class=\"excerpt-read-more\" href=\"https:\/\/www.encyclopedie-des-migrants.eu\/es\/projet\/les-productions\/\" title=\"LeerLas producciones\">Leer m\u00e1s &raquo;<\/a><\/p>\n","protected":false},"author":4,"featured_media":0,"parent":2,"menu_order":0,"comment_status":"closed","ping_status":"closed","template":"","meta":{"footnotes":""},"translation":{"provider":"WPGlobus","version":"2.12.2","language":"es","enabled_languages":["fr","es","pt","en"],"languages":{"fr":{"title":true,"content":true,"excerpt":false},"es":{"title":true,"content":true,"excerpt":false},"pt":{"title":true,"content":true,"excerpt":false},"en":{"title":true,"content":true,"excerpt":false}}},"acf":[],"_links":{"self":[{"href":"https:\/\/www.encyclopedie-des-migrants.eu\/es\/wp-json\/wp\/v2\/pages\/250"}],"collection":[{"href":"https:\/\/www.encyclopedie-des-migrants.eu\/es\/wp-json\/wp\/v2\/pages"}],"about":[{"href":"https:\/\/www.encyclopedie-des-migrants.eu\/es\/wp-json\/wp\/v2\/types\/page"}],"author":[{"embeddable":true,"href":"https:\/\/www.encyclopedie-des-migrants.eu\/es\/wp-json\/wp\/v2\/users\/4"}],"replies":[{"embeddable":true,"href":"https:\/\/www.encyclopedie-des-migrants.eu\/es\/wp-json\/wp\/v2\/comments?post=250"}],"version-history":[{"count":0,"href":"https:\/\/www.encyclopedie-des-migrants.eu\/es\/wp-json\/wp\/v2\/pages\/250\/revisions"}],"up":[{"embeddable":true,"href":"https:\/\/www.encyclopedie-des-migrants.eu\/es\/wp-json\/wp\/v2\/pages\/2"}],"wp:attachment":[{"href":"https:\/\/www.encyclopedie-des-migrants.eu\/es\/wp-json\/wp\/v2\/media?parent=250"}],"curies":[{"name":"wp","href":"https:\/\/api.w.org\/{rel}","templated":true}]}}