{"id":247,"date":"2015-10-22T09:55:08","date_gmt":"2015-10-22T08:55:08","guid":{"rendered":"https:\/\/www.enciclopedia-de-los-migrantes.eu\/?page_id=247"},"modified":"2016-01-06T12:03:22","modified_gmt":"2016-01-06T11:03:22","slug":"contexte-et-interet-du-projet","status":"publish","type":"page","link":"https:\/\/www.encyclopedie-des-migrants.eu\/pt\/projet\/contexte-et-interet-du-projet\/","title":{"rendered":"Contexto e interesse do projeto"},"content":{"rendered":"<p>Vivemos numa sociedade mundializada, cada vez mais multicultural, na qual os movimentos migrat\u00f3rios participam na mistura de popula\u00e7\u00f5es, fazem coexistir culturas diferentes e moldam identidades compostas. Como tornar este cosmopolitismo numa riqueza, num fator de desenvolvimento e n\u00e3o numa fonte de tens\u00f5es e de isolamento? Neste contexto, o desafio baseia-se nas condi\u00e7\u00f5es que saberemos criar para desenvolver um di\u00e1logo intercultural, na forma como saberemos acolher os representantes das culturas estrangeiras e conjugar a diversidade e constru\u00e7\u00e3o de refer\u00eancias comuns.<\/p>\n<p>A Europa enfrenta um paradoxo: a necessidade de acolher migrantes para garantir a sua influ\u00eancia \u00e0 escala mundial e uma dramatiza\u00e7\u00e3o do fen\u00f3meno migrat\u00f3rio no discurso pol\u00edtico, acentuado pela crise atual e corroborado por uma militariza\u00e7\u00e3o das suas fronteiras. <span class=\"citation\">A valoriza\u00e7\u00e3o da migra\u00e7\u00e3o como fator de desenvolvimento humano e de riqueza representa um desafio importante que passa pela tomada em considera\u00e7\u00e3o do outro<\/span> (da sua distin\u00e7\u00e3o e da sua diferen\u00e7a), o conhecimento da hist\u00f3ria dos fluxos migrat\u00f3rios, a valoriza\u00e7\u00e3o da diversidade dos percursos migrantes e o reconhecimento do lugar dos migrantes na nossa sociedade europeia.<\/p>\n<p>A constru\u00e7\u00e3o europeia v\u00ea-se enfraquecida por uma crise econ\u00f3mica e social que abala mais fortemente determinados pa\u00edses, em especial os pa\u00edses do sul. Face a esta observa\u00e7\u00e3o, que coopera\u00e7\u00f5es multilaterais podemos imaginar para consolidar a coes\u00e3o deste espa\u00e7o e para reconstruir uma solidariedade? Como podemos repensar a coopera\u00e7\u00e3o inter-regional e criar novas sinergias, apoiando-nos nas redes territoriais existentes?<\/p>\n<p>Face \u00e0 crise econ\u00f3mica, a Europa fixou o objetivo de inventar novas estrat\u00e9gias para desenvolver um crescimento inteligente. A intelig\u00eancia coletiva que passa pela co-constru\u00e7\u00e3o dos conhecimentos e pela partilha do conhecimento \u00e9 um recurso essencial na produ\u00e7\u00e3o de novos valores para a Europa de amanh\u00e3. A capacidade de criar encontros, de experimentar novos modos de governa\u00e7\u00e3o e colabora\u00e7\u00e3o, de colocar comunidades criativas em a\u00e7\u00e3o faz parte dos recursos que devem ser mobilizados.<\/p>\n<p>As taxas de absten\u00e7\u00e3o nas \u00faltimas elei\u00e7\u00f5es europeias refor\u00e7am a constata\u00e7\u00e3o partilhada no plano nacional de uma crise de confian\u00e7a e reconhecimento nas elites pol\u00edticas que tem como consequ\u00eancia um aumento dos movimentos extremistas em contradi\u00e7\u00e3o com os valores europeus. Como restaurar este reconhecimento pol\u00edtico dos cidad\u00e3os para voltar a mobiliz\u00e1-los para os desafios de amanh\u00e3 e reativar o sistema democr\u00e1tico? Que abordagens contributivas devemos inventar para reconhecer a diversidade dos cidad\u00e3os \u00e0 escala local e europeia?<\/p>\n<p style=\"padding-left: 30px;\"><em><span style=\"color: #808080;\">Com este projeto, pretendemos afirmar o reconhecimento de uma parte da popula\u00e7\u00e3o frequentemente invis\u00edvel, insuficientemente representada. \u201cPara contar a vida, s\u00e3o necess\u00e1rios documentos escritos e abordagens m\u00faltiplas. A do testemunho, que restitui a linguagem imediata do vivido [&#8230;] M\u00faltiplas s\u00e3o de facto as vozes para nos apropriarmos do mundo e dizer a verdade sobre as exist\u00eancias\u201d. <\/span><\/em><\/p>\n<p style=\"padding-left: 30px;\"><em><span style=\"color: #808080;\">(O Parlamento dos Invis\u00edveis, Pierre Rosanvallon).<\/span><\/em><\/p>\n","protected":false},"excerpt":{"rendered":"<p>Vivemos numa sociedade mundializada, cada vez mais multicultural, na qual os movimentos migrat\u00f3rios participam na mistura de popula\u00e7\u00f5es, fazem coexistir culturas diferentes e moldam identidades compostas. Como tornar este cosmopolitismo numa riqueza, num fator de desenvolvimento e n\u00e3o numa fonte de tens\u00f5es e de isolamento? Neste contexto, o desafio baseia-se nas condi\u00e7\u00f5es que saberemos criar&#8230;  <a class=\"excerpt-read-more\" href=\"https:\/\/www.encyclopedie-des-migrants.eu\/pt\/projet\/contexte-et-interet-du-projet\/\" title=\"LerContexto e interesse do projeto\">Ler mais &raquo;<\/a><\/p>\n","protected":false},"author":4,"featured_media":0,"parent":2,"menu_order":0,"comment_status":"closed","ping_status":"closed","template":"","meta":{"footnotes":""},"translation":{"provider":"WPGlobus","version":"2.12.2","language":"pt","enabled_languages":["fr","es","pt","en"],"languages":{"fr":{"title":true,"content":true,"excerpt":false},"es":{"title":true,"content":true,"excerpt":false},"pt":{"title":true,"content":true,"excerpt":false},"en":{"title":true,"content":true,"excerpt":false}}},"acf":[],"_links":{"self":[{"href":"https:\/\/www.encyclopedie-des-migrants.eu\/pt\/wp-json\/wp\/v2\/pages\/247"}],"collection":[{"href":"https:\/\/www.encyclopedie-des-migrants.eu\/pt\/wp-json\/wp\/v2\/pages"}],"about":[{"href":"https:\/\/www.encyclopedie-des-migrants.eu\/pt\/wp-json\/wp\/v2\/types\/page"}],"author":[{"embeddable":true,"href":"https:\/\/www.encyclopedie-des-migrants.eu\/pt\/wp-json\/wp\/v2\/users\/4"}],"replies":[{"embeddable":true,"href":"https:\/\/www.encyclopedie-des-migrants.eu\/pt\/wp-json\/wp\/v2\/comments?post=247"}],"version-history":[{"count":0,"href":"https:\/\/www.encyclopedie-des-migrants.eu\/pt\/wp-json\/wp\/v2\/pages\/247\/revisions"}],"up":[{"embeddable":true,"href":"https:\/\/www.encyclopedie-des-migrants.eu\/pt\/wp-json\/wp\/v2\/pages\/2"}],"wp:attachment":[{"href":"https:\/\/www.encyclopedie-des-migrants.eu\/pt\/wp-json\/wp\/v2\/media?parent=247"}],"curies":[{"name":"wp","href":"https:\/\/api.w.org\/{rel}","templated":true}]}}