{"id":251,"date":"2015-10-22T10:10:10","date_gmt":"2015-10-22T09:10:10","guid":{"rendered":"https:\/\/www.enciclopedia-de-los-migrantes.eu\/?page_id=251"},"modified":"2016-01-06T12:03:22","modified_gmt":"2016-01-06T11:03:22","slug":"une-methode-contributive","status":"publish","type":"page","link":"https:\/\/www.encyclopedie-des-migrants.eu\/pt\/projet\/une-methode-contributive\/","title":{"rendered":"Um  m\u00e9todo  participativo"},"content":{"rendered":"<h2>Um projeto de <span id=\"result_box\" class=\"short_text\" lang=\"pt\"><span class=\"hps\">coopera\u00e7\u00e3o<\/span><\/span> com uma gest<span id=\"result_box\" class=\"short_text\" lang=\"pt\"><span class=\"hps\">\u00e3<\/span><\/span>o\u00a0 partilhada e um trabalho em rede<\/h2>\n<p>A metodologia de co-constru\u00e7\u00e3o est\u00e1 no centro do projeto e manifesta-se atrav\u00e9s do seu modo de governa\u00e7\u00e3o partilhada (da fase de conce\u00e7\u00e3o e fase de avalia\u00e7\u00e3o do projeto) e da constitui\u00e7\u00e3o de uma rede de 8 cidades parceiras.<\/p>\n<p>Iniciando a reflex\u00e3o em Rennes, no bairro de Blosne, a coordena\u00e7\u00e3o do projeto materializa-se em duas inst\u00e2ncias:<br \/>\n&#8211; um Grupo de reflex\u00e3o que acompanha a reflex\u00e3o do projeto numa dimens\u00e3o coletiva<br \/>\n&#8211; uma Comiss\u00e3o de decis\u00e3o que arbitra e \u00e9 respons\u00e1vel pelo projeto.<\/p>\n<p>O Grupo de reflex\u00e3o \u00e9 composto por cidad\u00e3os migrantes ou n\u00e3o, atores locais, fot\u00f3grafos, investigadores de ci\u00eancias sociais e a equipa de coordena\u00e7\u00e3o transnacional. Ele re\u00fane-se a cada 2 meses em Rennes no bairro de Blosne. O Grupo de reflex\u00e3o tem como miss\u00e3o emitir reflex\u00f5es e propostas sobre os grandes eixos do projeto, elaborar metodologias de recolha de testemunhos de migrantes, participar no semin\u00e1rio de transmiss\u00e3o dessas metodologias \u00e0s equipas locais, participar nas restitui\u00e7\u00f5es e nas a\u00e7\u00f5es de difus\u00e3o locais, participar no semin\u00e1rio de avalia\u00e7\u00e3o do projeto.<\/p>\n<p>Com vista a alargar esta rede de migrantes que tentam conciliar a sua dupla cultura e enriquecer a recolha com base numa din\u00e2mica de coopera\u00e7\u00e3o e de partilha de experi\u00eancias, a Enciclop\u00e9dia dos migrantes apoia-se na mobiliza\u00e7\u00e3o de uma rede de 8 cidades parceiras da costa atl\u00e2ntica situadas ente Brest e Gibraltar e 8 parceiros operacionais (associa\u00e7\u00f5es, universidades, museus, etc.) em Fran\u00e7a, Espanha, Portugal e Gibraltar).<\/p>\n<p>&nbsp;<\/p>\n<h2>Um projeto em 6 fases<\/h2>\n<p>Este projeto de coopera\u00e7\u00e3o europeia desdobra-se em 4 anos, entre 2014 e 2017, e \u00e9 desenvolvido em 6 fases:<\/p>\n<p style=\"padding-left: 30px;\"><strong>1\/uma fase de conce\u00e7\u00e3o (2014-2015)<\/strong> que consiste por um lado em reunir o Grupo de reflex\u00e3o do projeto situado no bairro de Blosne em Rennes para construir metodologias de recolha de testemunhos (reuni\u00f5es de trabalho a cada 2 meses) e por outro lado em constituir a rede das 8 cidades parceiras em Fran\u00e7a, Espanha, Portugal e Gibraltar (viagens de coopera\u00e7\u00e3o).<\/p>\n<p style=\"padding-left: 30px;\"><strong>2\/uma fase de transmiss\u00c3o (2015)<\/strong> que assumir\u00e1 a forma de um semin\u00e1rio de transmiss\u00e3o das metodologias de recolha de testemunhos aos parceiros operacionais das 8 cidades da rede que ser\u00e3o retransmitidas \u00e0s equipas locais. Este semin\u00e1rio ser\u00e1 organizado em Paris, em Novembro de 2015.<\/p>\n<p style=\"padding-left: 30px;\"><strong>3\/uma fase de recolha (2014-2016)<\/strong> dos 400 testemunhos pelas equipas locais (duas pessoas que recolhem os testemunhos e dois fot\u00f3grafos por cidade) nas 8 cidades parceiras, ou seja, 50 testemunhos na cidade de partida (Rennes onde se situa o bairro de Blosne) e 50 testemunhos nas outras 7 cidades.<\/p>\n<p style=\"padding-left: 30px;\"><strong>4\/uma fase de edi\u00e7\u00e3o e de produ\u00e7\u00e3o (2014-2017)<\/strong> que conduzir\u00e1 \u00e0 produ\u00e7\u00e3o das duas vers\u00f5es da Enciclop\u00e9dia dos migrantes (janeiro de 2017), e antes de guias, de um kit de refer\u00eancia, de um site internet do projeto, e a posteriori um folheto educativo e de um filme document\u00e1rio.<\/p>\n<p style=\"padding-left: 30px;\"><strong>5\/uma fase de difus\u00e3o (2014-2017)<\/strong> com uma s\u00e9rie de restitui\u00e7\u00f5es locais e depois a\u00e7\u00f5es de difus\u00e3o da obra e de partilha de experi\u00eancias nas 8 cidades da rede e \u00e0 escala europeia (exposi\u00e7\u00f5es, encontros-debates, proje\u00e7\u00f5es, eventos festivos, workshops&#8230;).<\/p>\n<p style=\"padding-left: 30px;\"><strong>6\/uma fase de avalia\u00e7\u00e3o (2017)<\/strong> que assumir\u00e1 a forma de um semin\u00e1rio de avalia\u00e7\u00e3o em Gibraltar em junho de 2017 e que ir\u00e1 reunir a equipa do projeto e alimentar o relat\u00f3rio de avalia\u00e7\u00e3o final.<\/p>\n","protected":false},"excerpt":{"rendered":"<p>Um projeto de coopera\u00e7\u00e3o com uma gest\u00e3o\u00a0 partilhada e um trabalho em rede A metodologia de co-constru\u00e7\u00e3o est\u00e1 no centro do projeto e manifesta-se atrav\u00e9s do seu modo de governa\u00e7\u00e3o partilhada (da fase de conce\u00e7\u00e3o e fase de avalia\u00e7\u00e3o do projeto) e da constitui\u00e7\u00e3o de uma rede de 8 cidades parceiras. Iniciando a reflex\u00e3o em&#8230;  <a class=\"excerpt-read-more\" href=\"https:\/\/www.encyclopedie-des-migrants.eu\/pt\/projet\/une-methode-contributive\/\" title=\"LerUm  m\u00e9todo  participativo\">Ler mais &raquo;<\/a><\/p>\n","protected":false},"author":4,"featured_media":0,"parent":2,"menu_order":0,"comment_status":"closed","ping_status":"closed","template":"","meta":{"footnotes":""},"translation":{"provider":"WPGlobus","version":"2.12.2","language":"pt","enabled_languages":["fr","es","pt","en"],"languages":{"fr":{"title":true,"content":true,"excerpt":false},"es":{"title":true,"content":true,"excerpt":false},"pt":{"title":true,"content":true,"excerpt":false},"en":{"title":true,"content":true,"excerpt":false}}},"acf":[],"_links":{"self":[{"href":"https:\/\/www.encyclopedie-des-migrants.eu\/pt\/wp-json\/wp\/v2\/pages\/251"}],"collection":[{"href":"https:\/\/www.encyclopedie-des-migrants.eu\/pt\/wp-json\/wp\/v2\/pages"}],"about":[{"href":"https:\/\/www.encyclopedie-des-migrants.eu\/pt\/wp-json\/wp\/v2\/types\/page"}],"author":[{"embeddable":true,"href":"https:\/\/www.encyclopedie-des-migrants.eu\/pt\/wp-json\/wp\/v2\/users\/4"}],"replies":[{"embeddable":true,"href":"https:\/\/www.encyclopedie-des-migrants.eu\/pt\/wp-json\/wp\/v2\/comments?post=251"}],"version-history":[{"count":0,"href":"https:\/\/www.encyclopedie-des-migrants.eu\/pt\/wp-json\/wp\/v2\/pages\/251\/revisions"}],"up":[{"embeddable":true,"href":"https:\/\/www.encyclopedie-des-migrants.eu\/pt\/wp-json\/wp\/v2\/pages\/2"}],"wp:attachment":[{"href":"https:\/\/www.encyclopedie-des-migrants.eu\/pt\/wp-json\/wp\/v2\/media?parent=251"}],"curies":[{"name":"wp","href":"https:\/\/api.w.org\/{rel}","templated":true}]}}