{"id":252,"date":"2015-10-22T10:11:25","date_gmt":"2015-10-22T09:11:25","guid":{"rendered":"https:\/\/www.enciclopedia-de-los-migrantes.eu\/?page_id=252"},"modified":"2016-01-06T12:03:22","modified_gmt":"2016-01-06T11:03:22","slug":"nos-principes-daction","status":"publish","type":"page","link":"https:\/\/www.encyclopedie-des-migrants.eu\/pt\/projet\/nos-principes-daction\/","title":{"rendered":"OS NOSSOS PRINC\u00cdPIOS DE A\u00c7\u00c3O"},"content":{"rendered":"<h2>1. Uma miss\u00e3o comum que deve ser transmitida numa rede e ser apropriada<\/h2>\n<p>O nosso primeiro princ\u00edpio de a\u00e7\u00e3o \u00e9 transmitir uma miss\u00e3o comum: recolher 400 testemunhos \u00edntimos de migrantes entre a Finisterra bret\u00e3 e Gibraltar. Tal pressup\u00f5e a cria\u00e7\u00e3o de uma rede de 8 cidades e 8 parceiros operacionais em torno desta miss\u00e3o com vista a assegurar a retransmiss\u00e3o da mesma \u00e0s equipas locais encarregues pela recolha. As equipas locais ir\u00e3o apoiar-se nas metodologias de recolha transmitidas, ir\u00e3o apropriar-se destas e adapt\u00e1-las ao contexto local e \u00e0s suas necessidades.<\/p>\n<p>&nbsp;<\/p>\n<h2>2. Cada testemunho baseia-se num encontro e numa rela\u00e7\u00e3o privilegiada com o migrante<\/h2>\n<p>O nosso segundo princ\u00edpio de a\u00e7\u00e3o \u00e9 que cada testemunho recolhido seja baseado num encontro aut\u00eantico com um migrante. Este encontro pressup\u00f5e a constru\u00e7\u00e3o de uma rela\u00e7\u00e3o privilegiada entre o \u201cfacilitador\u201d e o migrante. O desafio de cada encontro \u00e9 \u201cdesvendar as pepitas de ouro\u201d das cartas privadas. \u00c9 a qualidade do encontro e da rela\u00e7\u00e3o tecida com o migrante que garante o valor do testemunho recolhido.<\/p>\n<h2>3. Um encontro para dar vida \u00e0 Enciclop\u00e9dia<\/h2>\n<p>O nosso terceiro princ\u00edpio de a\u00e7\u00e3o \u00e9 dar vida \u00e0 Enciclop\u00e9dia assim que ela for produzida mas tamb\u00e9m ap\u00f3s o final do projeto, solicitando um verdadeiro empenho da parte de cada cidade e de cada parceiro operacional. Assim que a Enciclop\u00e9dia for produzida, a cidade (propriet\u00e1ria de um exemplar da mesma) e o parceiro operacional comprometem-se a organizar uma a\u00e7\u00e3o de difus\u00e3o local com vista a tornar p\u00fablico e permitir a apropria\u00e7\u00e3o deste patrim\u00f3nio junto da sociedade civil. A prazo, a cidade ser\u00e1 detentora da obra e o parceiro operacional ser\u00e1 a refer\u00eancia para os projetos realizados a posteriori sobre a Enciclop\u00e9dia. O desafio \u00e9 mobilizar o valor da Enciclop\u00e9dia de forma perene, suscitando projetos em torno da obra \u00e0 escala local a m\u00e9dio prazo.<\/p>\n","protected":false},"excerpt":{"rendered":"<p>1. Uma miss\u00e3o comum que deve ser transmitida numa rede e ser apropriada O nosso primeiro princ\u00edpio de a\u00e7\u00e3o \u00e9 transmitir uma miss\u00e3o comum: recolher 400 testemunhos \u00edntimos de migrantes entre a Finisterra bret\u00e3 e Gibraltar. Tal pressup\u00f5e a cria\u00e7\u00e3o de uma rede de 8 cidades e 8 parceiros operacionais em torno desta miss\u00e3o com&#8230;  <a class=\"excerpt-read-more\" href=\"https:\/\/www.encyclopedie-des-migrants.eu\/pt\/projet\/nos-principes-daction\/\" title=\"LerOS NOSSOS PRINC\u00cdPIOS DE A\u00c7\u00c3O\">Ler mais &raquo;<\/a><\/p>\n","protected":false},"author":4,"featured_media":0,"parent":2,"menu_order":0,"comment_status":"closed","ping_status":"closed","template":"","meta":{"footnotes":""},"translation":{"provider":"WPGlobus","version":"2.12.2","language":"pt","enabled_languages":["fr","es","pt","en"],"languages":{"fr":{"title":true,"content":true,"excerpt":false},"es":{"title":true,"content":true,"excerpt":false},"pt":{"title":true,"content":true,"excerpt":false},"en":{"title":true,"content":true,"excerpt":false}}},"acf":[],"_links":{"self":[{"href":"https:\/\/www.encyclopedie-des-migrants.eu\/pt\/wp-json\/wp\/v2\/pages\/252"}],"collection":[{"href":"https:\/\/www.encyclopedie-des-migrants.eu\/pt\/wp-json\/wp\/v2\/pages"}],"about":[{"href":"https:\/\/www.encyclopedie-des-migrants.eu\/pt\/wp-json\/wp\/v2\/types\/page"}],"author":[{"embeddable":true,"href":"https:\/\/www.encyclopedie-des-migrants.eu\/pt\/wp-json\/wp\/v2\/users\/4"}],"replies":[{"embeddable":true,"href":"https:\/\/www.encyclopedie-des-migrants.eu\/pt\/wp-json\/wp\/v2\/comments?post=252"}],"version-history":[{"count":0,"href":"https:\/\/www.encyclopedie-des-migrants.eu\/pt\/wp-json\/wp\/v2\/pages\/252\/revisions"}],"up":[{"embeddable":true,"href":"https:\/\/www.encyclopedie-des-migrants.eu\/pt\/wp-json\/wp\/v2\/pages\/2"}],"wp:attachment":[{"href":"https:\/\/www.encyclopedie-des-migrants.eu\/pt\/wp-json\/wp\/v2\/media?parent=252"}],"curies":[{"name":"wp","href":"https:\/\/api.w.org\/{rel}","templated":true}]}}